{"id":1216,"date":"2025-11-03T11:38:51","date_gmt":"2025-11-03T11:38:51","guid":{"rendered":"https:\/\/www.mtcs.eu\/kariera\/"},"modified":"2026-05-06T07:10:38","modified_gmt":"2026-05-06T07:10:38","slug":"kariera","status":"publish","type":"page","link":"https:\/\/www.mtcs.eu\/pl\/kariera\/","title":{"rendered":"Kariera"},"content":{"rendered":"\t\t<div data-elementor-type=\"wp-page\" data-elementor-id=\"1216\" class=\"elementor elementor-1216 elementor-901\" data-elementor-post-type=\"page\">\n\t\t\t\t<div data-particle_enable=\"false\" data-particle-mobile-disabled=\"false\" class=\"elementor-element elementor-element-b3146de e-flex e-con-boxed e-con e-parent\" data-id=\"b3146de\" data-element_type=\"container\" data-e-type=\"container\">\n\t\t\t\t\t<div class=\"e-con-inner\">\n\t\t\t\t<div class=\"elementor-element elementor-element-b049d7b elementor-widget elementor-widget-heading\" data-id=\"b049d7b\" data-element_type=\"widget\" data-e-type=\"widget\" data-widget_type=\"heading.default\">\n\t\t\t\t\t<h1 class=\"elementor-heading-title elementor-size-default\">Kariera w MTCS<\/h1>\t\t\t\t<\/div>\n\t\t\t\t<div class=\"elementor-element elementor-element-0bab5b8 elementor-widget elementor-widget-text-editor\" data-id=\"0bab5b8\" data-element_type=\"widget\" data-e-type=\"widget\" data-widget_type=\"text-editor.default\">\n\t\t\t\t\t\t\t\t\t<p><span data-ogsc=\"rgb(0, 0, 0)\">MTCS stale si\u0119 rozwija, <\/span><span data-ogsc=\"rgb(0, 0, 0)\" data-ogsb=\"rgb(255, 255, 255)\">wspieramy operator\u00f3w statk\u00f3w zaufanymi us\u0142ugami i doradztwem w zakresie silnik\u00f3w dwusuwowych<\/span><span data-ogsc=\"rgb(0, 0, 0)\">. Je\u015bli silniki morskie to Tw\u00f3j \u015bwiat, a jako\u015b\u0107 to Tw\u00f3j standard, to jest to w\u0142a\u015bciwe miejsce. Oferty pracy pojawiaj\u0105 si\u0119 od czasu do czasu, <\/span><span data-ogsc=\"rgb(0, 0, 0)\" data-ogsb=\"rgb(255, 255, 255)\">zach\u0119camy do przedstawienia si\u0119.<\/span><\/p>\t\t\t\t\t\t\t\t<\/div>\n\t\t\t\t\t<\/div>\n\t\t\t\t<\/div>\n\t\t<div data-particle_enable=\"false\" data-particle-mobile-disabled=\"false\" class=\"elementor-element elementor-element-3655f4d e-flex e-con-boxed e-con e-parent\" data-id=\"3655f4d\" data-element_type=\"container\" data-e-type=\"container\">\n\t\t\t\t\t<div class=\"e-con-inner\">\n\t\t\t\t<div class=\"elementor-element elementor-element-18ad682 elementor-widget elementor-widget-heading\" data-id=\"18ad682\" data-element_type=\"widget\" data-e-type=\"widget\" data-widget_type=\"heading.default\">\n\t\t\t\t\t<h2 class=\"elementor-heading-title elementor-size-default\">Aktualne oferty pracy<\/h2>\t\t\t\t<\/div>\n\t\t\t\t<div class=\"elementor-element elementor-element-f387880 elementor-widget elementor-widget-taxonomy-filter\" data-id=\"f387880\" data-element_type=\"widget\" data-e-type=\"widget\" data-settings=\"{&quot;selected_element&quot;:&quot;1d8684f&quot;,&quot;taxonomy&quot;:&quot;post_tag&quot;,&quot;item_alignment_horizontal&quot;:&quot;start&quot;,&quot;multiple_selection&quot;:&quot;no&quot;,&quot;horizontal_scroll&quot;:&quot;disable&quot;}\" data-widget_type=\"taxonomy-filter.default\">\n\t\t\t\t\t\t\t<search class=\"e-filter\" role=\"search\" data-base-url=\"https:\/\/www.mtcs.eu\/pl\/\" data-page-num=\"1\">\n\t\t\t\t\t\t\t<button class=\"e-filter-item\" data-filter=\"germany\" aria-pressed=\"false\">Germany<\/button>\n\t\t\t\t\t\t\t<button class=\"e-filter-item\" data-filter=\"poland\" aria-pressed=\"false\">Poland<\/button>\n\t\t\t\n\t\t\t\t\t\t\t\t\t<button class=\"e-filter-item\" data-filter=\"__all\" aria-pressed=\"true\">\n\t\t\t\tWszystkie\t\t\t<\/button>\n\t\t\t\t\t<\/search>\n\t\t\t\t\t\t<\/div>\n\t\t\t\t<div class=\"elementor-element elementor-element-1d8684f elementor-grid-mobile-1 elementor-grid-3 elementor-grid-tablet-2 elementor-widget elementor-widget-loop-grid\" data-id=\"1d8684f\" data-element_type=\"widget\" data-e-type=\"widget\" data-settings=\"{&quot;template_id&quot;:1223,&quot;columns_mobile&quot;:1,&quot;_skin&quot;:&quot;post&quot;,&quot;columns&quot;:&quot;3&quot;,&quot;columns_tablet&quot;:&quot;2&quot;,&quot;edit_handle_selector&quot;:&quot;[data-elementor-type=\\&quot;loop-item\\&quot;]&quot;,&quot;row_gap&quot;:{&quot;unit&quot;:&quot;px&quot;,&quot;size&quot;:&quot;&quot;,&quot;sizes&quot;:[]},&quot;row_gap_tablet&quot;:{&quot;unit&quot;:&quot;px&quot;,&quot;size&quot;:&quot;&quot;,&quot;sizes&quot;:[]},&quot;row_gap_mobile&quot;:{&quot;unit&quot;:&quot;px&quot;,&quot;size&quot;:&quot;&quot;,&quot;sizes&quot;:[]}}\" data-widget_type=\"loop-grid.post\">\n\t\t\t\t<div class=\"elementor-widget-container\">\n\t\t\t\t\t\t\t<div class=\"elementor-loop-container elementor-grid\" role=\"list\">\n\t\t<style id=\"loop-1223\">.elementor-1223 .elementor-element.elementor-element-f89d5e0{--display:flex;--border-radius:18px 18px 18px 18px;box-shadow:0px 0px 10px -3px rgba(0,0,0,0.5);--padding-top:35px;--padding-bottom:35px;--padding-left:35px;--padding-right:35px;}.elementor-1223 .elementor-element.elementor-element-ae344f5 .elementor-heading-title{font-size:1.8rem;text-transform:none;color:var( --e-global-color-primary );}@media(max-width:767px){.elementor-1223 .elementor-element.elementor-element-f89d5e0{--content-width:100%;--padding-top:35px;--padding-bottom:35px;--padding-left:35px;--padding-right:35px;}}\/* Start custom CSS for theme-post-title, class: .elementor-element-ae344f5 *\/.elementor-1223 .elementor-element.elementor-element-ae344f5 h2 { word-break: normal !important; \/* undo break-word *\/ overflow-wrap: normal !important; \/* aka word-wrap *\/ hyphens: manual !important; }\n\n.elementor-1223 .elementor-element.elementor-element-ae344f5 h2 { font-size: clamp(18px, 5vw, 28px) !important }\/* End custom CSS *\/<\/style>\t\t<div data-elementor-type=\"loop-item\" data-elementor-id=\"1223\" class=\"elementor elementor-1223 elementor-935 elementor-935 e-loop-item e-loop-item-1228 post-1228 post type-post status-publish format-standard hentry category-job-openings tag-poland\" data-elementor-post-type=\"elementor_library\" data-custom-edit-handle=\"1\">\n\t\t\t<a class=\"eael-wrapper-link-f89d5e0 --eael-wrapper-link-tag\" href=\"https:\/\/www.mtcs.eu\/pl\/job-openings\/junior-field-service-coordinator-m-w-d-copy\/\"><\/a><div data-eael-wrapper-link=\"eael-wrapper-link-f89d5e0\" data-particle_enable=\"false\" data-particle-mobile-disabled=\"false\" class=\"elementor-element elementor-element-f89d5e0 e-flex e-con-boxed e-con e-parent\" data-id=\"f89d5e0\" data-element_type=\"container\" data-e-type=\"container\">\n\t\t\t\t\t<div class=\"e-con-inner\">\n\t\t\t\t<div class=\"elementor-element elementor-element-ae344f5 elementor-widget elementor-widget-theme-post-title elementor-page-title elementor-widget-heading\" data-id=\"ae344f5\" data-element_type=\"widget\" data-e-type=\"widget\" data-widget_type=\"theme-post-title.default\">\n\t\t\t\t\t<h2 class=\"elementor-heading-title elementor-size-default\">Field Service Superintendent Engineer (Marine 2-Stroke Engines) (m\/w\/d)<\/h2>\t\t\t\t<\/div>\n\t\t\t\t\t<\/div>\n\t\t\t\t<\/div>\n\t\t\t\t<\/div>\n\t\t\t\t<div data-elementor-type=\"loop-item\" data-elementor-id=\"1223\" class=\"elementor elementor-1223 elementor-935 elementor-935 e-loop-item e-loop-item-948 post-948 post type-post status-publish format-standard hentry category-job-openings tag-germany\" data-elementor-post-type=\"elementor_library\" data-custom-edit-handle=\"1\">\n\t\t\t<a class=\"eael-wrapper-link-f89d5e0 --eael-wrapper-link-tag\" href=\"https:\/\/www.mtcs.eu\/pl\/job-openings\/spar-part-order-processor\/\"><\/a><div data-eael-wrapper-link=\"eael-wrapper-link-f89d5e0\" data-particle_enable=\"false\" data-particle-mobile-disabled=\"false\" class=\"elementor-element elementor-element-f89d5e0 e-flex e-con-boxed e-con e-parent\" data-id=\"f89d5e0\" data-element_type=\"container\" data-e-type=\"container\">\n\t\t\t\t\t<div class=\"e-con-inner\">\n\t\t\t\t<div class=\"elementor-element elementor-element-ae344f5 elementor-widget elementor-widget-theme-post-title elementor-page-title elementor-widget-heading\" data-id=\"ae344f5\" data-element_type=\"widget\" data-e-type=\"widget\" data-widget_type=\"theme-post-title.default\">\n\t\t\t\t\t<h2 class=\"elementor-heading-title elementor-size-default\">Spare Part Order Processor\/Coordinator (m\/w\/d)<\/h2>\t\t\t\t<\/div>\n\t\t\t\t\t<\/div>\n\t\t\t\t<\/div>\n\t\t\t\t<\/div>\n\t\t\t\t<div data-elementor-type=\"loop-item\" data-elementor-id=\"1223\" class=\"elementor elementor-1223 elementor-935 elementor-935 e-loop-item e-loop-item-918 post-918 post type-post status-publish format-standard hentry category-job-openings tag-poland\" data-elementor-post-type=\"elementor_library\" data-custom-edit-handle=\"1\">\n\t\t\t<a class=\"eael-wrapper-link-f89d5e0 --eael-wrapper-link-tag\" href=\"https:\/\/www.mtcs.eu\/pl\/job-openings\/junior-field-service-coordinator-m-w-d\/\"><\/a><div data-eael-wrapper-link=\"eael-wrapper-link-f89d5e0\" data-particle_enable=\"false\" data-particle-mobile-disabled=\"false\" class=\"elementor-element elementor-element-f89d5e0 e-flex e-con-boxed e-con e-parent\" data-id=\"f89d5e0\" data-element_type=\"container\" data-e-type=\"container\">\n\t\t\t\t\t<div class=\"e-con-inner\">\n\t\t\t\t<div class=\"elementor-element elementor-element-ae344f5 elementor-widget elementor-widget-theme-post-title elementor-page-title elementor-widget-heading\" data-id=\"ae344f5\" data-element_type=\"widget\" data-e-type=\"widget\" data-widget_type=\"theme-post-title.default\">\n\t\t\t\t\t<h2 class=\"elementor-heading-title elementor-size-default\">Junior Field Service Coordinator (m\/w\/d)<\/h2>\t\t\t\t<\/div>\n\t\t\t\t\t<\/div>\n\t\t\t\t<\/div>\n\t\t\t\t<\/div>\n\t\t\t\t<\/div>\n\t\t\n\t\t\t\t\t\t<\/div>\n\t\t\t\t<\/div>\n\t\t\t\t\t<\/div>\n\t\t\t\t<\/div>\n\t\t<div data-particle_enable=\"false\" data-particle-mobile-disabled=\"false\" class=\"elementor-element elementor-element-12cbc13 e-flex e-con-boxed e-con e-parent\" data-id=\"12cbc13\" data-element_type=\"container\" data-e-type=\"container\" id=\"application\" data-settings=\"{&quot;background_background&quot;:&quot;classic&quot;}\">\n\t\t\t\t\t<div class=\"e-con-inner\">\n\t\t<div data-particle_enable=\"false\" data-particle-mobile-disabled=\"false\" class=\"elementor-element elementor-element-dc2e9a6 e-con-full e-flex e-con e-child\" data-id=\"dc2e9a6\" data-element_type=\"container\" data-e-type=\"container\">\n\t\t\t\t<div class=\"elementor-element elementor-element-6ed4edf elementor-widget elementor-widget-heading\" data-id=\"6ed4edf\" data-element_type=\"widget\" data-e-type=\"widget\" data-widget_type=\"heading.default\">\n\t\t\t\t\t<h2 class=\"elementor-heading-title elementor-size-default\">Z\u0142\u00f3\u017c swoj\u0105 aplikacj\u0119<\/h2>\t\t\t\t<\/div>\n\t\t\t\t<div class=\"elementor-element elementor-element-b512bf8 elementor-widget elementor-widget-text-editor\" data-id=\"b512bf8\" data-element_type=\"widget\" data-e-type=\"widget\" data-widget_type=\"text-editor.default\">\n\t\t\t\t\t\t\t\t\t<p>Podaj swoje dane kontaktowe, kr\u00f3tkie do\u015bwiadczenie i odpowiednie certyfikaty. Skontaktujemy si\u0119 z Tob\u0105, gdy pojawi si\u0119 odpowiednie stanowisko. <\/p>\t\t\t\t\t\t\t\t<\/div>\n\t\t\t\t<\/div>\n\t\t<div data-particle_enable=\"false\" data-particle-mobile-disabled=\"false\" class=\"elementor-element elementor-element-42b0908 e-con-full e-flex e-con e-child\" data-id=\"42b0908\" data-element_type=\"container\" data-e-type=\"container\">\n\t\t\t\t<div class=\"elementor-element elementor-element-af30f78 elementor-widget elementor-widget-spacer\" data-id=\"af30f78\" data-element_type=\"widget\" data-e-type=\"widget\" data-widget_type=\"spacer.default\">\n\t\t\t\t\t\t\t<div class=\"elementor-spacer\">\n\t\t\t<div class=\"elementor-spacer-inner\"><\/div>\n\t\t<\/div>\n\t\t\t\t\t\t<\/div>\n\t\t\t\t<div class=\"elementor-element elementor-element-22100c5 elementor-button-align-start elementor-mobile-button-align-start elementor-widget elementor-widget-form\" data-id=\"22100c5\" data-element_type=\"widget\" data-e-type=\"widget\" data-settings=\"{&quot;step_next_label&quot;:&quot;Nast\\u0119pny&quot;,&quot;step_previous_label&quot;:&quot;Poprzedni&quot;,&quot;button_width&quot;:&quot;100&quot;,&quot;step_type&quot;:&quot;number_text&quot;,&quot;step_icon_shape&quot;:&quot;circle&quot;}\" data-widget_type=\"form.default\">\n\t\t\t\t\t\t\t<form class=\"elementor-form\" method=\"post\" name=\"MTCS \u2013 Formularz kontaktowy\" aria-label=\"MTCS \u2013 Formularz kontaktowy\">\n\t\t\t<input type=\"hidden\" name=\"post_id\" value=\"1216\"\/>\n\t\t\t<input type=\"hidden\" name=\"form_id\" value=\"22100c5\"\/>\n\t\t\t<input type=\"hidden\" name=\"referer_title\" value=\"Kariera\" \/>\n\n\t\t\t\t\t\t\t<input type=\"hidden\" name=\"queried_id\" value=\"1216\"\/>\n\t\t\t\n\t\t\t<div class=\"elementor-form-fields-wrapper elementor-labels-\">\n\t\t\t\t\t\t\t\t<div class=\"elementor-field-type-text elementor-field-group elementor-column elementor-field-group-name elementor-col-50 elementor-field-required\">\n\t\t\t\t\t\t\t\t\t\t\t\t<label for=\"form-field-name\" class=\"elementor-field-label elementor-screen-only\">\n\t\t\t\t\t\t\t\tImi\u0119\t\t\t\t\t\t\t<\/label>\n\t\t\t\t\t\t\t\t\t\t\t\t\t\t<input size=\"1\" type=\"text\" name=\"form_fields[name]\" id=\"form-field-name\" class=\"elementor-field elementor-size-md  elementor-field-textual\" placeholder=\"Imi\u0119\" required=\"required\">\n\t\t\t\t\t\t\t\t\t\t\t<\/div>\n\t\t\t\t\t\t\t\t<div class=\"elementor-field-type-text elementor-field-group elementor-column elementor-field-group-field_4fd2568 elementor-col-50 elementor-field-required\">\n\t\t\t\t\t\t\t\t\t\t\t\t<label for=\"form-field-field_4fd2568\" class=\"elementor-field-label elementor-screen-only\">\n\t\t\t\t\t\t\t\tNazwisko\t\t\t\t\t\t\t<\/label>\n\t\t\t\t\t\t\t\t\t\t\t\t\t\t<input size=\"1\" type=\"text\" name=\"form_fields[field_4fd2568]\" id=\"form-field-field_4fd2568\" class=\"elementor-field elementor-size-md  elementor-field-textual\" placeholder=\"Nazwisko\" required=\"required\">\n\t\t\t\t\t\t\t\t\t\t\t<\/div>\n\t\t\t\t\t\t\t\t<div class=\"elementor-field-type-email elementor-field-group elementor-column elementor-field-group-email elementor-col-100 elementor-field-required\">\n\t\t\t\t\t\t\t\t\t\t\t\t<label for=\"form-field-email\" class=\"elementor-field-label elementor-screen-only\">\n\t\t\t\t\t\t\t\tE-mail\t\t\t\t\t\t\t<\/label>\n\t\t\t\t\t\t\t\t\t\t\t\t\t\t<input size=\"1\" type=\"email\" name=\"form_fields[email]\" id=\"form-field-email\" class=\"elementor-field elementor-size-md  elementor-field-textual\" placeholder=\"E-mail\" required=\"required\">\n\t\t\t\t\t\t\t\t\t\t\t<\/div>\n\t\t\t\t\t\t\t\t<div class=\"elementor-field-type-textarea elementor-field-group elementor-column elementor-field-group-message elementor-col-100\">\n\t\t\t\t\t\t\t\t\t\t\t\t<label for=\"form-field-message\" class=\"elementor-field-label elementor-screen-only\">\n\t\t\t\t\t\t\t\tWiadomo\u015b\u0107\t\t\t\t\t\t\t<\/label>\n\t\t\t\t\t\t<textarea class=\"elementor-field-textual elementor-field  elementor-size-md\" name=\"form_fields[message]\" id=\"form-field-message\" rows=\"4\" placeholder=\"Wiadomo\u015b\u0107\"><\/textarea>\t\t\t\t<\/div>\n\t\t\t\t\t\t\t\t<div class=\"elementor-field-type-hcaptcha elementor-field-group elementor-column elementor-field-group-field_51461b0 elementor-col-100\">\n\t\t\t\t\t<div class=\"elementor-field\" id=\"form-field-field_51461b0\"><div class=\"elementor-hcaptcha\">\t\t<input\n\t\t\t\ttype=\"hidden\"\n\t\t\t\tclass=\"hcaptcha-widget-id\"\n\t\t\t\tname=\"hcaptcha-widget-id\"\n\t\t\t\tvalue=\"eyJzb3VyY2UiOlsiZWxlbWVudG9yLXByb1wvZWxlbWVudG9yLXByby5waHAiXSwiZm9ybV9pZCI6MH0=-623deca244f8152cf10c1f330598480a\">\n\t\t\t\t<h-captcha\n\t\t\tclass=\"h-captcha\"\n\t\t\tdata-sitekey=\"4ffa55ce-886f-4019-8e47-f8454f876432\"\n\t\t\tdata-theme=\"light\"\n\t\t\tdata-size=\"normal\"\n\t\t\tdata-auto=\"false\"\n\t\t\tdata-ajax=\"false\"\n\t\t\tdata-force=\"false\">\n\t\t<\/h-captcha>\n\t\t<\/div><\/div>\t\t\t\t<\/div>\n\t\t\t\t\t\t\t\t<div class=\"elementor-field-type-upload elementor-field-group elementor-column elementor-field-group-field_f737c2d elementor-col-100 elementor-field-required\">\n\t\t\t\t\t\t\t<input type=\"file\" name=\"form_fields[field_f737c2d][]\" id=\"form-field-field_f737c2d\" class=\"elementor-field elementor-size-md  elementor-upload-field\" required=\"required\" multiple=\"multiple\" data-maxsize=\"10\" data-maxsize-message=\"Rozmiar pliku przekracza dozwolony rozmiar.\">\n\n\t\t\t\t\t\t<\/div>\n\t\t\t\t\t\t\t\t<div class=\"elementor-field-group elementor-column elementor-field-type-submit elementor-col-100 e-form__buttons\">\n\t\t\t\t\t<button class=\"elementor-button elementor-size-lg\" type=\"submit\">\n\t\t\t\t\t\t<span class=\"elementor-button-content-wrapper\">\n\t\t\t\t\t\t\t\t\t\t\t\t\t\t\t\t\t\t\t\t\t\t<span class=\"elementor-button-text\">Wy\u015blij<\/span>\n\t\t\t\t\t\t\t\t\t\t\t\t\t<\/span>\n\t\t\t\t\t<\/button>\n\t\t\t\t<\/div>\n\t\t\t<\/div>\n\t\t<\/form>\n\t\t\t\t\t\t<\/div>\n\t\t\t\t<\/div>\n\t\t\t\t\t<\/div>\n\t\t\t\t<\/div>\n\t\t\t\t<\/div>\n\t\t","protected":false},"excerpt":{"rendered":"<p>Kariera w MTCS MTCS stale si\u0119 rozwija, wspieramy operator\u00f3w statk\u00f3w zaufanymi us\u0142ugami i doradztwem w zakresie silnik\u00f3w dwusuwowych. Je\u015bli silniki morskie to Tw\u00f3j \u015bwiat, a jako\u015b\u0107 to Tw\u00f3j standard, to jest to w\u0142a\u015bciwe miejsce. Oferty pracy pojawiaj\u0105 si\u0119 od czasu do czasu, zach\u0119camy do przedstawienia si\u0119. Aktualne oferty pracy Germany Poland Wszystkie Z\u0142\u00f3\u017c swoj\u0105 aplikacj\u0119 [&hellip;]<\/p>\n","protected":false},"author":1,"featured_media":0,"parent":0,"menu_order":0,"comment_status":"closed","ping_status":"closed","template":"elementor_header_footer","meta":{"inline_featured_image":false,"footnotes":""},"class_list":["post-1216","page","type-page","status-publish","hentry"],"_links":{"self":[{"href":"https:\/\/www.mtcs.eu\/pl\/wp-json\/wp\/v2\/pages\/1216","targetHints":{"allow":["GET"]}}],"collection":[{"href":"https:\/\/www.mtcs.eu\/pl\/wp-json\/wp\/v2\/pages"}],"about":[{"href":"https:\/\/www.mtcs.eu\/pl\/wp-json\/wp\/v2\/types\/page"}],"author":[{"embeddable":true,"href":"https:\/\/www.mtcs.eu\/pl\/wp-json\/wp\/v2\/users\/1"}],"replies":[{"embeddable":true,"href":"https:\/\/www.mtcs.eu\/pl\/wp-json\/wp\/v2\/comments?post=1216"}],"version-history":[{"count":2,"href":"https:\/\/www.mtcs.eu\/pl\/wp-json\/wp\/v2\/pages\/1216\/revisions"}],"predecessor-version":[{"id":1227,"href":"https:\/\/www.mtcs.eu\/pl\/wp-json\/wp\/v2\/pages\/1216\/revisions\/1227"}],"wp:attachment":[{"href":"https:\/\/www.mtcs.eu\/pl\/wp-json\/wp\/v2\/media?parent=1216"}],"curies":[{"name":"wp","href":"https:\/\/api.w.org\/{rel}","templated":true}]}}