{"id":1039,"date":"2023-03-28T18:16:15","date_gmt":"2023-03-28T18:16:15","guid":{"rendered":"https:\/\/www.mtcs.eu\/firma\/"},"modified":"2026-05-06T07:11:40","modified_gmt":"2026-05-06T07:11:40","slug":"firma","status":"publish","type":"page","link":"https:\/\/www.mtcs.eu\/pl\/firma\/","title":{"rendered":"O nas"},"content":{"rendered":"\t\t<div data-elementor-type=\"wp-page\" data-elementor-id=\"1039\" class=\"elementor elementor-1039 elementor-278\" data-elementor-post-type=\"page\">\n\t\t\t\t\t\t<section data-particle_enable=\"false\" data-particle-mobile-disabled=\"false\" class=\"elementor-section elementor-top-section elementor-element elementor-element-68e9207 elementor-section-height-min-height elementor-section-boxed elementor-section-height-default elementor-section-items-middle\" data-id=\"68e9207\" data-element_type=\"section\" data-e-type=\"section\">\n\t\t\t\t\t\t<div class=\"elementor-container elementor-column-gap-default\">\n\t\t\t\t\t<div class=\"elementor-column elementor-col-50 elementor-top-column elementor-element elementor-element-79f4b31\" data-id=\"79f4b31\" data-element_type=\"column\" data-e-type=\"column\" data-settings=\"{&quot;background_background&quot;:&quot;slideshow&quot;,&quot;background_slideshow_gallery&quot;:[{&quot;id&quot;:1040,&quot;url&quot;:&quot;https:\\\/\\\/www.mtcs.eu\\\/wp-content\\\/uploads\\\/2023\\\/03\\\/MTCS_company.jpg&quot;}],&quot;background_slideshow_slide_duration&quot;:5000,&quot;background_slideshow_slide_transition&quot;:&quot;fade&quot;,&quot;background_slideshow_transition_duration&quot;:500}\">\n\t\t\t<div class=\"elementor-widget-wrap elementor-element-populated\">\n\t\t\t\t\t\t<div class=\"elementor-element elementor-element-0af7374 elementor-widget elementor-widget-spacer\" data-id=\"0af7374\" data-element_type=\"widget\" data-e-type=\"widget\" data-widget_type=\"spacer.default\">\n\t\t\t\t\t\t\t<div class=\"elementor-spacer\">\n\t\t\t<div class=\"elementor-spacer-inner\"><\/div>\n\t\t<\/div>\n\t\t\t\t\t\t<\/div>\n\t\t\t\t\t<\/div>\n\t\t<\/div>\n\t\t\t\t<div class=\"elementor-column elementor-col-50 elementor-top-column elementor-element elementor-element-c67e093\" data-id=\"c67e093\" data-element_type=\"column\" data-e-type=\"column\">\n\t\t\t<div class=\"elementor-widget-wrap elementor-element-populated\">\n\t\t\t\t\t\t<div class=\"elementor-element elementor-element-f657a3c elementor-widget elementor-widget-heading\" data-id=\"f657a3c\" data-element_type=\"widget\" data-e-type=\"widget\" data-widget_type=\"heading.default\">\n\t\t\t\t\t<h2 class=\"elementor-heading-title elementor-size-default\">Za\u0142o\u017cona na pasji i do\u015bwiadczeniu\n<\/h2>\t\t\t\t<\/div>\n\t\t\t\t<div class=\"elementor-element elementor-element-9b12bee elementor-widget elementor-widget-text-editor\" data-id=\"9b12bee\" data-element_type=\"widget\" data-e-type=\"widget\" data-widget_type=\"text-editor.default\">\n\t\t\t\t\t\t\t\t\t<p>MTCS to wiod\u0105cy konsultant i dostawca us\u0142ug dla morskich urz\u0105dze\u0144 maszynowych, za\u0142o\u017cony w 2023 roku w oparciu o siln\u0105 wsp\u00f3\u0142prac\u0119 mi\u0119dzy bran\u017c\u0105 \u017ceglugow\u0105 a Thomasem Kingiem. Nasza pasja, do\u015bwiadczenie i tradycja to fundament naszych wysokiej jako\u015bci us\u0142ug.<\/p><p>Rozleg\u0142e know-how naszego zespo\u0142u ma swoje korzenie w naszym d\u0142ugoletnim do\u015bwiadczeniu w W\u00e4rtsil\u00e4 2-Stroke Services w Szwajcarii, gdzie obs\u0142ugiwali\u015bmy silniki dwusuwowe Sulzer, NSD, W\u00e4rtsil\u00e4 i WinGD na r\u00f3\u017cnych kluczowych stanowiskach. Przez ca\u0142y ten czas budowali\u015bmy r\u00f3wnie\u017c bliskie relacje biznesowe z projektantem silnik\u00f3w, firm\u0105 WinGD. Ponadto nasz zesp\u00f3\u0142 posiada do\u015bwiadczenie w \u017cegludze i obs\u0142udze maszyn, a tak\u017ce do\u015bwiadczenie z fabryki producenta silnik\u00f3w i stoczni remontowych.<\/p><p>Nasze do\u015bwiadczenie obejmuje regularn\u0105 konserwacj\u0119, z\u0142o\u017cone naprawy silnik\u00f3w, projekty odzyskiwania silnik\u00f3w, monta\u017c i uruchamianie silnik\u00f3w i maszyn, zdalne i lokalne rozwi\u0105zywanie problem\u00f3w, ocen\u0119 uszkodze\u0144, doradztwo operacyjne i techniczne, optymalizacj\u0119 wydajno\u015bci silnik\u00f3w oraz modernizacj\u0119. Nasz zesp\u00f3\u0142 posiada r\u00f3wnie\u017c bogate do\u015bwiadczenie w zarz\u0105dzaniu projektami na miejscu i w biurze, w tym w logistyce i og\u00f3lnych ustaleniach dotycz\u0105cych du\u017cych projekt\u00f3w naprawczych i modernizacyjnych.<\/p><p>MTCS jest reprezentowane przez pana Thomasa Kinga, partnera zarz\u0105dzaj\u0105cego, wsp\u00f3\u0142za\u0142o\u017cyciela i zaanga\u017cowany personel.<\/p><p>W MTCS projekty naszych klient\u00f3w s\u0105 nasz\u0105 pasj\u0105 i zobowi\u0105zujemy si\u0119 do \u015bwiadczenia us\u0142ug najwy\u017cszej jako\u015bci. Nasz\u0105 misj\u0105 jest zapewnienie wydajno\u015bci silnika na pierwszy rzut oka i zminimalizowanie przestoj\u00f3w.<\/p>\t\t\t\t\t\t\t\t<\/div>\n\t\t\t\t\t<\/div>\n\t\t<\/div>\n\t\t\t\t\t<\/div>\n\t\t<\/section>\n\t\t\t\t<section data-particle_enable=\"false\" data-particle-mobile-disabled=\"false\" class=\"elementor-section elementor-top-section elementor-element elementor-element-e3e4c40 elementor-section-boxed elementor-section-height-default elementor-section-height-default\" data-id=\"e3e4c40\" data-element_type=\"section\" data-e-type=\"section\" data-settings=\"{&quot;background_background&quot;:&quot;classic&quot;}\">\n\t\t\t\t\t\t<div class=\"elementor-container elementor-column-gap-default\">\n\t\t\t\t\t<div class=\"elementor-column elementor-col-100 elementor-top-column elementor-element elementor-element-c47b13f\" data-id=\"c47b13f\" data-element_type=\"column\" data-e-type=\"column\">\n\t\t\t<div class=\"elementor-widget-wrap elementor-element-populated\">\n\t\t\t\t\t\t<div class=\"elementor-element elementor-element-db5ec6b elementor-widget elementor-widget-heading\" data-id=\"db5ec6b\" data-element_type=\"widget\" data-e-type=\"widget\" data-widget_type=\"heading.default\">\n\t\t\t\t\t<h2 class=\"elementor-heading-title elementor-size-default\">Skontaktuj si\u0119 z nami ju\u017c dzi\u015b, aby dowiedzie\u0107 si\u0119, jak mo\u017cemy pom\u00f3c zoptymalizowa\u0107 Twoje morskie urz\u0105dzenia maszynowe.<\/h2>\t\t\t\t<\/div>\n\t\t\t\t<div class=\"elementor-element elementor-element-44562a4 elementor-align-center elementor-widget elementor-widget-button\" data-id=\"44562a4\" data-element_type=\"widget\" data-e-type=\"widget\" data-widget_type=\"button.default\">\n\t\t\t\t\t\t\t\t\t\t<a class=\"elementor-button elementor-button-link elementor-size-lg\" href=\"https:\/\/www.mtcs.eu#contact\">\n\t\t\t\t\t\t<span class=\"elementor-button-content-wrapper\">\n\t\t\t\t\t\t\t\t\t<span class=\"elementor-button-text\">Kontakt<\/span>\n\t\t\t\t\t<\/span>\n\t\t\t\t\t<\/a>\n\t\t\t\t\t\t\t\t<\/div>\n\t\t\t\t\t<\/div>\n\t\t<\/div>\n\t\t\t\t\t<\/div>\n\t\t<\/section>\n\t\t\t\t<\/div>\n\t\t","protected":false},"excerpt":{"rendered":"<p>Za\u0142o\u017cona na pasji i do\u015bwiadczeniu MTCS to wiod\u0105cy konsultant i dostawca us\u0142ug dla morskich urz\u0105dze\u0144 maszynowych, za\u0142o\u017cony w 2023 roku w oparciu o siln\u0105 wsp\u00f3\u0142prac\u0119 mi\u0119dzy bran\u017c\u0105 \u017ceglugow\u0105 a Thomasem Kingiem. Nasza pasja, do\u015bwiadczenie i tradycja to fundament naszych wysokiej jako\u015bci us\u0142ug. Rozleg\u0142e know-how naszego zespo\u0142u ma swoje korzenie w naszym d\u0142ugoletnim do\u015bwiadczeniu w W\u00e4rtsil\u00e4 [&hellip;]<\/p>\n","protected":false},"author":1,"featured_media":0,"parent":0,"menu_order":0,"comment_status":"closed","ping_status":"closed","template":"elementor_header_footer","meta":{"inline_featured_image":false,"footnotes":""},"class_list":["post-1039","page","type-page","status-publish","hentry"],"_links":{"self":[{"href":"https:\/\/www.mtcs.eu\/pl\/wp-json\/wp\/v2\/pages\/1039","targetHints":{"allow":["GET"]}}],"collection":[{"href":"https:\/\/www.mtcs.eu\/pl\/wp-json\/wp\/v2\/pages"}],"about":[{"href":"https:\/\/www.mtcs.eu\/pl\/wp-json\/wp\/v2\/types\/page"}],"author":[{"embeddable":true,"href":"https:\/\/www.mtcs.eu\/pl\/wp-json\/wp\/v2\/users\/1"}],"replies":[{"embeddable":true,"href":"https:\/\/www.mtcs.eu\/pl\/wp-json\/wp\/v2\/comments?post=1039"}],"version-history":[{"count":2,"href":"https:\/\/www.mtcs.eu\/pl\/wp-json\/wp\/v2\/pages\/1039\/revisions"}],"predecessor-version":[{"id":1218,"href":"https:\/\/www.mtcs.eu\/pl\/wp-json\/wp\/v2\/pages\/1039\/revisions\/1218"}],"wp:attachment":[{"href":"https:\/\/www.mtcs.eu\/pl\/wp-json\/wp\/v2\/media?parent=1039"}],"curies":[{"name":"wp","href":"https:\/\/api.w.org\/{rel}","templated":true}]}}