{"id":1030,"date":"2023-03-28T19:15:23","date_gmt":"2023-03-28T19:15:23","guid":{"rendered":"https:\/\/www.mtcs.eu\/impressum\/"},"modified":"2026-02-12T19:51:28","modified_gmt":"2026-02-12T19:51:28","slug":"impressum","status":"publish","type":"page","link":"https:\/\/www.mtcs.eu\/pl\/impressum\/","title":{"rendered":"Impressum"},"content":{"rendered":"\t\t<div data-elementor-type=\"wp-page\" data-elementor-id=\"1030\" class=\"elementor elementor-1030 elementor-338\" data-elementor-post-type=\"page\">\n\t\t\t\t\t\t<section data-particle_enable=\"false\" data-particle-mobile-disabled=\"false\" class=\"elementor-section elementor-top-section elementor-element elementor-element-68e9207 elementor-section-boxed elementor-section-height-default elementor-section-height-default\" data-id=\"68e9207\" data-element_type=\"section\" data-e-type=\"section\">\n\t\t\t\t\t\t<div class=\"elementor-container elementor-column-gap-default\">\n\t\t\t\t\t<div class=\"elementor-column elementor-col-100 elementor-top-column elementor-element elementor-element-c67e093\" data-id=\"c67e093\" data-element_type=\"column\" data-e-type=\"column\">\n\t\t\t<div class=\"elementor-widget-wrap elementor-element-populated\">\n\t\t\t\t\t\t<div class=\"elementor-element elementor-element-f657a3c elementor-widget elementor-widget-heading\" data-id=\"f657a3c\" data-element_type=\"widget\" data-e-type=\"widget\" data-widget_type=\"heading.default\">\n\t\t\t\t\t<h2 class=\"elementor-heading-title elementor-size-default\">Impressum<\/h2>\t\t\t\t<\/div>\n\t\t\t\t<div class=\"elementor-element elementor-element-9b12bee elementor-widget elementor-widget-text-editor\" data-id=\"9b12bee\" data-element_type=\"widget\" data-e-type=\"widget\" data-widget_type=\"text-editor.default\">\n\t\t\t\t\t\t\t\t\t<p>Marine 2-Stroke Consultant &amp; Service GmbH<br>Witternstrasse 20<br>21107 Hamburg<br>Niemcy<\/p><p><strong>Dyrektor zarz\u0105dzaj\u0105cy:<\/strong><br>Thomas King<br><br>S\u0105d Rejestrowy: Hamburg | HRB 180302<br>Numer identyfikacji podatkowej (UStId-Nr.) <span lang=\"DE\">DE 360644424<br><br><\/span>Ta strona internetowa jest us\u0142ug\u0105 MTCS. Chocia\u017c d\u0105\u017cymy do zapewnienia dok\u0142adno\u015bci, poprawno\u015bci i jako\u015bci wszystkich informacji zawartych na tej stronie, nie ponosimy odpowiedzialno\u015bci za jej tre\u015b\u0107, a wszelkie wykorzystanie takich informacji odbywa si\u0119 na w\u0142asne ryzyko odbiorcy.<\/p><p>MTCS nie ponosi odpowiedzialno\u015bci za tre\u015bci, do kt\u00f3rych prowadz\u0105 linki lub kt\u00f3re s\u0105 wymienione na tej stronie. Nie mamy \u017cadnej kontroli nad tworzeniem i zawarto\u015bci\u0105 \u017cadnych stron internetowych os\u00f3b trzecich, do kt\u00f3rych odwo\u0142uje si\u0119 ta witryna, i nie ponosimy odpowiedzialno\u015bci za ich tre\u015b\u0107.<\/p><p>Je\u015bli istnieje mo\u017cliwo\u015b\u0107 wprowadzenia danych osobowych lub biznesowych (adresy e-mail, imi\u0119 i nazwisko, adres), wprowadzenie tych danych odbywa si\u0119 dobrowolnie.<\/p>\t\t\t\t\t\t\t\t<\/div>\n\t\t\t\t\t<\/div>\n\t\t<\/div>\n\t\t\t\t\t<\/div>\n\t\t<\/section>\n\t\t\t\t<\/div>\n\t\t","protected":false},"excerpt":{"rendered":"<p>Impressum Marine 2-Stroke Consultant &amp; Service GmbHWitternstrasse 2021107 HamburgNiemcy Dyrektor zarz\u0105dzaj\u0105cy:Thomas King S\u0105d Rejestrowy: Hamburg | HRB 180302Numer identyfikacji podatkowej (UStId-Nr.) DE 360644424 Ta strona internetowa jest us\u0142ug\u0105 MTCS. Chocia\u017c d\u0105\u017cymy do zapewnienia dok\u0142adno\u015bci, poprawno\u015bci i jako\u015bci wszystkich informacji zawartych na tej stronie, nie ponosimy odpowiedzialno\u015bci za jej tre\u015b\u0107, a wszelkie wykorzystanie takich informacji odbywa [&hellip;]<\/p>\n","protected":false},"author":1,"featured_media":0,"parent":0,"menu_order":0,"comment_status":"closed","ping_status":"closed","template":"elementor_header_footer","meta":{"inline_featured_image":false,"footnotes":""},"class_list":["post-1030","page","type-page","status-publish","hentry"],"_links":{"self":[{"href":"https:\/\/www.mtcs.eu\/pl\/wp-json\/wp\/v2\/pages\/1030","targetHints":{"allow":["GET"]}}],"collection":[{"href":"https:\/\/www.mtcs.eu\/pl\/wp-json\/wp\/v2\/pages"}],"about":[{"href":"https:\/\/www.mtcs.eu\/pl\/wp-json\/wp\/v2\/types\/page"}],"author":[{"embeddable":true,"href":"https:\/\/www.mtcs.eu\/pl\/wp-json\/wp\/v2\/users\/1"}],"replies":[{"embeddable":true,"href":"https:\/\/www.mtcs.eu\/pl\/wp-json\/wp\/v2\/comments?post=1030"}],"version-history":[{"count":1,"href":"https:\/\/www.mtcs.eu\/pl\/wp-json\/wp\/v2\/pages\/1030\/revisions"}],"predecessor-version":[{"id":1031,"href":"https:\/\/www.mtcs.eu\/pl\/wp-json\/wp\/v2\/pages\/1030\/revisions\/1031"}],"wp:attachment":[{"href":"https:\/\/www.mtcs.eu\/pl\/wp-json\/wp\/v2\/media?parent=1030"}],"curies":[{"name":"wp","href":"https:\/\/api.w.org\/{rel}","templated":true}]}}